{"id":4951,"date":"2026-03-30T09:03:07","date_gmt":"2026-03-30T07:03:07","guid":{"rendered":"https:\/\/it2528.sspu-opava.eu\/?page_id=4951"},"modified":"2026-03-31T08:38:00","modified_gmt":"2026-03-31T06:38:00","slug":"uvodni-stranka","status":"publish","type":"page","link":"https:\/\/it2528.sspu-opava.eu\/","title":{"rendered":"\u00davodn\u00ed str\u00e1nka"},"content":{"rendered":"\n<p id=\"uvodni-stranka\"><\/p>\n\n\n\n<p><\/p>\n","protected":false},"excerpt":{"rendered":"","protected":false},"author":1,"featured_media":0,"parent":0,"menu_order":0,"comment_status":"closed","ping_status":"closed","template":"","meta":{"footnotes":""},"class_list":["post-4951","page","type-page","status-publish","hentry"],"yoast_head":"<!-- This site is optimized with the Yoast SEO plugin v27.3 - https:\/\/yoast.com\/product\/yoast-seo-wordpress\/ -->\n<title>\u00davodn\u00ed str\u00e1nka - Angry Birds<\/title>\n<meta name=\"robots\" content=\"index, follow, max-snippet:-1, max-image-preview:large, max-video-preview:-1\" \/>\n<link rel=\"canonical\" href=\"https:\/\/it2528.sspu-opava.eu\/\" \/>\n<meta property=\"og:locale\" content=\"cs_CZ\" \/>\n<meta property=\"og:type\" content=\"article\" \/>\n<meta property=\"og:title\" content=\"\u00davodn\u00ed str\u00e1nka - Angry Birds\" \/>\n<meta property=\"og:url\" content=\"https:\/\/it2528.sspu-opava.eu\/\" \/>\n<meta property=\"og:site_name\" content=\"Angry Birds\" \/>\n<meta property=\"article:modified_time\" content=\"2026-03-31T06:38:00+00:00\" \/>\n<meta name=\"twitter:card\" content=\"summary_large_image\" \/>\n<script type=\"application\/ld+json\" class=\"yoast-schema-graph\">{\"@context\":\"https:\\\/\\\/schema.org\",\"@graph\":[{\"@type\":\"WebPage\",\"@id\":\"https:\\\/\\\/it2528.sspu-opava.eu\\\/\",\"url\":\"https:\\\/\\\/it2528.sspu-opava.eu\\\/\",\"name\":\"\u00davodn\u00ed str\u00e1nka - Angry Birds\",\"isPartOf\":{\"@id\":\"https:\\\/\\\/it2528.sspu-opava.eu\\\/#website\"},\"datePublished\":\"2026-03-30T07:03:07+00:00\",\"dateModified\":\"2026-03-31T06:38:00+00:00\",\"breadcrumb\":{\"@id\":\"https:\\\/\\\/it2528.sspu-opava.eu\\\/#breadcrumb\"},\"inLanguage\":\"cs\",\"potentialAction\":[{\"@type\":\"ReadAction\",\"target\":[\"https:\\\/\\\/it2528.sspu-opava.eu\\\/\"]}]},{\"@type\":\"BreadcrumbList\",\"@id\":\"https:\\\/\\\/it2528.sspu-opava.eu\\\/#breadcrumb\",\"itemListElement\":[{\"@type\":\"ListItem\",\"position\":1,\"name\":\"Dom\u016f\",\"item\":\"https:\\\/\\\/it2528.sspu-opava.eu\\\/\"},{\"@type\":\"ListItem\",\"position\":2,\"name\":\"\u00davodn\u00ed str\u00e1nka\"}]},{\"@type\":\"WebSite\",\"@id\":\"https:\\\/\\\/it2528.sspu-opava.eu\\\/#website\",\"url\":\"https:\\\/\\\/it2528.sspu-opava.eu\\\/\",\"name\":\"Angry Birds\",\"description\":\"\",\"potentialAction\":[{\"@type\":\"SearchAction\",\"target\":{\"@type\":\"EntryPoint\",\"urlTemplate\":\"https:\\\/\\\/it2528.sspu-opava.eu\\\/?s={search_term_string}\"},\"query-input\":{\"@type\":\"PropertyValueSpecification\",\"valueRequired\":true,\"valueName\":\"search_term_string\"}}],\"inLanguage\":\"cs\"}]}<\/script>\n<!-- \/ Yoast SEO plugin. -->","yoast_head_json":{"title":"\u00davodn\u00ed str\u00e1nka - Angry Birds","robots":{"index":"index","follow":"follow","max-snippet":"max-snippet:-1","max-image-preview":"max-image-preview:large","max-video-preview":"max-video-preview:-1"},"canonical":"https:\/\/it2528.sspu-opava.eu\/","og_locale":"cs_CZ","og_type":"article","og_title":"\u00davodn\u00ed str\u00e1nka - Angry Birds","og_url":"https:\/\/it2528.sspu-opava.eu\/","og_site_name":"Angry Birds","article_modified_time":"2026-03-31T06:38:00+00:00","twitter_card":"summary_large_image","schema":{"@context":"https:\/\/schema.org","@graph":[{"@type":"WebPage","@id":"https:\/\/it2528.sspu-opava.eu\/","url":"https:\/\/it2528.sspu-opava.eu\/","name":"\u00davodn\u00ed str\u00e1nka - Angry Birds","isPartOf":{"@id":"https:\/\/it2528.sspu-opava.eu\/#website"},"datePublished":"2026-03-30T07:03:07+00:00","dateModified":"2026-03-31T06:38:00+00:00","breadcrumb":{"@id":"https:\/\/it2528.sspu-opava.eu\/#breadcrumb"},"inLanguage":"cs","potentialAction":[{"@type":"ReadAction","target":["https:\/\/it2528.sspu-opava.eu\/"]}]},{"@type":"BreadcrumbList","@id":"https:\/\/it2528.sspu-opava.eu\/#breadcrumb","itemListElement":[{"@type":"ListItem","position":1,"name":"Dom\u016f","item":"https:\/\/it2528.sspu-opava.eu\/"},{"@type":"ListItem","position":2,"name":"\u00davodn\u00ed str\u00e1nka"}]},{"@type":"WebSite","@id":"https:\/\/it2528.sspu-opava.eu\/#website","url":"https:\/\/it2528.sspu-opava.eu\/","name":"Angry Birds","description":"","potentialAction":[{"@type":"SearchAction","target":{"@type":"EntryPoint","urlTemplate":"https:\/\/it2528.sspu-opava.eu\/?s={search_term_string}"},"query-input":{"@type":"PropertyValueSpecification","valueRequired":true,"valueName":"search_term_string"}}],"inLanguage":"cs"}]}},"_links":{"self":[{"href":"https:\/\/it2528.sspu-opava.eu\/index.php?rest_route=\/wp\/v2\/pages\/4951","targetHints":{"allow":["GET"]}}],"collection":[{"href":"https:\/\/it2528.sspu-opava.eu\/index.php?rest_route=\/wp\/v2\/pages"}],"about":[{"href":"https:\/\/it2528.sspu-opava.eu\/index.php?rest_route=\/wp\/v2\/types\/page"}],"author":[{"embeddable":true,"href":"https:\/\/it2528.sspu-opava.eu\/index.php?rest_route=\/wp\/v2\/users\/1"}],"replies":[{"embeddable":true,"href":"https:\/\/it2528.sspu-opava.eu\/index.php?rest_route=%2Fwp%2Fv2%2Fcomments&post=4951"}],"version-history":[{"count":3,"href":"https:\/\/it2528.sspu-opava.eu\/index.php?rest_route=\/wp\/v2\/pages\/4951\/revisions"}],"predecessor-version":[{"id":5507,"href":"https:\/\/it2528.sspu-opava.eu\/index.php?rest_route=\/wp\/v2\/pages\/4951\/revisions\/5507"}],"wp:attachment":[{"href":"https:\/\/it2528.sspu-opava.eu\/index.php?rest_route=%2Fwp%2Fv2%2Fmedia&parent=4951"}],"curies":[{"name":"wp","href":"https:\/\/api.w.org\/{rel}","templated":true}]}}